{"id":2,"date":"2023-01-28T19:24:45","date_gmt":"2023-01-28T18:24:45","guid":{"rendered":"https:\/\/ah-smykker.dk\/?page_id=2"},"modified":"2025-01-21T19:17:19","modified_gmt":"2025-01-21T18:17:19","slug":"om-ah-smykker","status":"publish","type":"page","link":"https:\/\/ah-smykker.dk\/?page_id=2","title":{"rendered":"Om"},"content":{"rendered":"<p class=\"has-black-color has-text-color\">Jeg er en 14-\u00e5rig pige der har lavet sin egen shop, hvor jeg s\u00e6lger smykker.<\/p><p class=\"has-black-color has-text-color\">Jeg elsker at v\u00e6re kreativ, og det vil jeg nok altid v\u00e6re. En dag fik jeg huller i \u00f8rene og synes det var sjovt at skifte rundt med en masse forskellige \u00f8reringe. Jeg synes ogs\u00e5 det ville v\u00e6re sejt hvis jeg kunne s\u00e6tte mit eget pr\u00e6g p\u00e5 mig selv. S\u00e5 pr\u00f8vede jeg at lave mine egne \u00f8reringe og have dem p\u00e5 i skole og vise mine venner. Og de synes de var rigtig flotte. Jeg har aldrig rigtig v\u00e6ret den store halsk\u00e6depige, men jeg pr\u00f8vede at lave mine egne, som jeg elskede, og nu g\u00e5r jeg med halsk\u00e6de n\u00e6sten hver dag.<\/p><p class=\"has-black-color has-text-color\">S\u00e5 t\u00e6nkte jeg at det ville v\u00e6re sjovt hvis andre ogs\u00e5 kunne k\u00f8be mine smykker. Og det er s\u00e5 det jeg er begyndt med nu.<\/p><p class=\"has-black-color has-text-color\">Lige n\u00e5r jeg f\u00e5r en bestilling laver jeg smykkerne og sender dem. Alle \u00e6skerne og poserne er hjemmelavede og lavet af genbrugspapir.<\/p><blockquote class=\"wp-block-quote is-layout-flow wp-block-quote-is-layout-flow\"><p><\/p><\/blockquote><blockquote class=\"wp-block-quote is-layout-flow wp-block-quote-is-layout-flow\"><p><\/p><\/blockquote>","protected":false},"excerpt":{"rendered":"<p>Jeg er en 14-\u00e5rig pige der har lavet sin egen shop, hvor jeg s\u00e6lger smykker. Jeg elsker at v\u00e6re kreativ, og det vil jeg nok altid v\u00e6re. En dag fik jeg huller i \u00f8rene og synes det var sjovt at skifte rundt med en masse forskellige \u00f8reringe. Jeg synes ogs\u00e5 det ville v\u00e6re sejt hvis [&hellip;]<\/p>\n","protected":false},"author":1,"featured_media":0,"parent":0,"menu_order":0,"comment_status":"closed","ping_status":"closed","template":"","meta":{"footnotes":""},"class_list":["post-2","page","type-page","status-publish","hentry"],"jetpack_sharing_enabled":true,"_links":{"self":[{"href":"https:\/\/ah-smykker.dk\/index.php?rest_route=\/wp\/v2\/pages\/2","targetHints":{"allow":["GET"]}}],"collection":[{"href":"https:\/\/ah-smykker.dk\/index.php?rest_route=\/wp\/v2\/pages"}],"about":[{"href":"https:\/\/ah-smykker.dk\/index.php?rest_route=\/wp\/v2\/types\/page"}],"author":[{"embeddable":true,"href":"https:\/\/ah-smykker.dk\/index.php?rest_route=\/wp\/v2\/users\/1"}],"replies":[{"embeddable":true,"href":"https:\/\/ah-smykker.dk\/index.php?rest_route=%2Fwp%2Fv2%2Fcomments&post=2"}],"version-history":[{"count":8,"href":"https:\/\/ah-smykker.dk\/index.php?rest_route=\/wp\/v2\/pages\/2\/revisions"}],"predecessor-version":[{"id":309,"href":"https:\/\/ah-smykker.dk\/index.php?rest_route=\/wp\/v2\/pages\/2\/revisions\/309"}],"wp:attachment":[{"href":"https:\/\/ah-smykker.dk\/index.php?rest_route=%2Fwp%2Fv2%2Fmedia&parent=2"}],"curies":[{"name":"wp","href":"https:\/\/api.w.org\/{rel}","templated":true}]}}